{"id":43,"date":"2025-10-12T21:35:43","date_gmt":"2025-10-12T21:35:43","guid":{"rendered":"https:\/\/gsmasociados.com.ar\/gsmasociados\/services\/"},"modified":"2025-10-13T11:36:20","modified_gmt":"2025-10-13T11:36:20","slug":"services","status":"publish","type":"page","link":"https:\/\/gsmasociados.com.ar\/gsmasociados\/services\/","title":{"rendered":"Services"},"content":{"rendered":"\n<div class=\"wp-block-uagb-container uagb-block-398cb9f6 alignfull uagb-is-root-container\"><div class=\"uagb-container-inner-blocks-wrap\">\n<div class=\"wp-block-uagb-advanced-heading uagb-block-f3ca99db\"><p class=\"uagb-desc-text\">Servicios Innovadores<\/p><h1 class=\"uagb-heading-text\">Transformamos tu gesti\u00f3n contable y financiera<\/h1><\/div>\n<\/div><\/div>\n\n\n\n<div class=\"wp-block-uagb-container uagb-layout-grid uagb-block-fa1435f9 alignfull uagb-is-root-container\"><div class=\"uagb-container-inner-blocks-wrap\">\n<div class=\"wp-block-uagb-image uagb-block-e6668d8b wp-block-uagb-image--layout-default wp-block-uagb-image--effect-static wp-block-uagb-image--align-none\"><figure class=\"wp-block-uagb-image__figure\"><img decoding=\"async\" srcset=\"https:\/\/gsmasociados.com.ar\/gsmasociados\/wp-content\/uploads\/2025\/10\/GSM-Asociados-Estudio-Contable-6.jpg ,https:\/\/gsmasociados.com.ar\/gsmasociados\/wp-content\/uploads\/2025\/10\/GSM-Asociados-Estudio-Contable-6.jpg 780w, https:\/\/gsmasociados.com.ar\/gsmasociados\/wp-content\/uploads\/2025\/10\/GSM-Asociados-Estudio-Contable-6.jpg 360w\" sizes=\"auto, (max-width: 480px) 150px\" src=\"https:\/\/gsmasociados.com.ar\/gsmasociados\/wp-content\/uploads\/2025\/10\/GSM-Asociados-Estudio-Contable-6.jpg\" alt=\"gsm asociados estudio contable 6\" class=\"uag-image-298\" width=\"570\" height=\"450\" title=\"gsm asociados estudio contable 6\" loading=\"lazy\" role=\"img\"\/><\/figure><\/div>\n\n\n\n<div class=\"wp-block-uagb-info-box uagb-block-22c66185 uagb-infobox__content-wrap  uagb-infobox-icon-above-title uagb-infobox-image-valign-top\"><div class=\"uagb-ifb-content\"><div class=\"uagb-ifb-title-wrap\"><h2 class=\"uagb-ifb-title-prefix\">01.<\/h2><h3 class=\"uagb-ifb-title\">Estrategia, Finanzas y Crecimiento Empresarial<\/h3><\/div><p class=\"uagb-ifb-desc\">Este eje aborda la planificaci\u00f3n integral del negocio, combinando an\u00e1lisis financiero, diagn\u00f3stico organizacional y desarrollo estrat\u00e9gico. Su objetivo es acompa\u00f1ar a las empresas en la definici\u00f3n de objetivos, estructuras de costos, planes de inversi\u00f3n y expansi\u00f3n, brindando herramientas para una toma de decisiones s\u00f3lida y sustentable. Se centra en mejorar la rentabilidad, optimizar recursos y fortalecer la visi\u00f3n empresarial a largo plazo.<br><br>&#8211; Diagn\u00f3stico integral de la empresa y an\u00e1lisis FODA.<br>&#8211; Elaboraci\u00f3n de planes estrat\u00e9gicos y financieros.<br>&#8211; Dise\u00f1o de presupuestos, flujos de fondos y KPIs.<br>&#8211; Consultor\u00eda en rentabilidad, costos y estructura de capital.<br>&#8211; Planificaci\u00f3n de crecimiento, expansi\u00f3n e inversiones.<br>&#8211; Evaluaci\u00f3n de proyectos y gesti\u00f3n de financiamiento.<\/p><\/div><\/div>\n<\/div><\/div>\n\n\n\n<div class=\"wp-block-uagb-container uagb-layout-grid uagb-block-9b2ca079 alignfull uagb-is-root-container\"><div class=\"uagb-container-inner-blocks-wrap\">\n<div class=\"wp-block-uagb-info-box uagb-block-cbb9d937 uagb-infobox__content-wrap  uagb-infobox-icon-above-title uagb-infobox-image-valign-top\"><div class=\"uagb-ifb-content\"><div class=\"uagb-ifb-title-wrap\"><h2 class=\"uagb-ifb-title-prefix\">02.<\/h2><h3 class=\"uagb-ifb-title\">Contabilidad, Outsourcing y Control de Gesti\u00f3n<\/h3><\/div><p class=\"uagb-ifb-desc\">Integra los servicios contables tradicionales con soluciones de outsourcing estrat\u00e9gico para \u00e1reas administrativas y financieras. Busca garantizar la transparencia, eficiencia y trazabilidad de la informaci\u00f3n contable mediante procesos digitalizados y reportes de gesti\u00f3n peri\u00f3dicos. Este eje permite a las empresas delegar funciones cr\u00edticas con respaldo profesional, optimizando tiempos y reduciendo costos sin perder control sobre sus finanzas.<br><br>&#8211; Registro contable integral, conciliaciones y cierres mensuales\/anuales.<br>&#8211; Elaboraci\u00f3n de balances, informes financieros y reportes de gesti\u00f3n.<br>&#8211; Implementaci\u00f3n de sistemas contables digitales.<br><strong>&#8211; Outsourcing estrat\u00e9gico, contable y administrativo<\/strong>: tercerizaci\u00f3n de &#8211; funciones contables, financieras y administrativas.<br>&#8211; Control presupuestario, an\u00e1lisis de costos y m\u00e1rgenes.<br>&#8211; Automatizaci\u00f3n de reportes y digitalizaci\u00f3n de procesos contables.<\/p><\/div><\/div>\n\n\n\n<div class=\"wp-block-uagb-image uagb-block-7af7b4bf wp-block-uagb-image--layout-default wp-block-uagb-image--effect-static wp-block-uagb-image--align-none\"><figure class=\"wp-block-uagb-image__figure\"><img decoding=\"async\" srcset=\"https:\/\/gsmasociados.com.ar\/gsmasociados\/wp-content\/uploads\/2025\/10\/GSM-Asociados-Estudio-Contable-2.jpg ,https:\/\/gsmasociados.com.ar\/gsmasociados\/wp-content\/uploads\/2025\/10\/GSM-Asociados-Estudio-Contable-2.jpg 780w, https:\/\/gsmasociados.com.ar\/gsmasociados\/wp-content\/uploads\/2025\/10\/GSM-Asociados-Estudio-Contable-2.jpg 360w\" sizes=\"auto, (max-width: 480px) 150px\" src=\"https:\/\/gsmasociados.com.ar\/gsmasociados\/wp-content\/uploads\/2025\/10\/GSM-Asociados-Estudio-Contable-2.jpg\" alt=\"gsm asociados estudio contable 2\" class=\"uag-image-294\" width=\"570\" height=\"450\" title=\"gsm asociados estudio contable 2\" loading=\"lazy\" role=\"img\"\/><\/figure><\/div>\n<\/div><\/div>\n\n\n\n<div class=\"wp-block-uagb-container uagb-layout-grid uagb-block-01d2b17b alignfull uagb-is-root-container\"><div class=\"uagb-container-inner-blocks-wrap\">\n<div class=\"wp-block-uagb-image uagb-block-7628e631 wp-block-uagb-image--layout-default wp-block-uagb-image--effect-static wp-block-uagb-image--align-none\"><figure class=\"wp-block-uagb-image__figure\"><img decoding=\"async\" srcset=\"https:\/\/gsmasociados.com.ar\/gsmasociados\/wp-content\/uploads\/2025\/10\/GSM-Asociados-Estudio-Contable-4.jpeg ,https:\/\/gsmasociados.com.ar\/gsmasociados\/wp-content\/uploads\/2025\/10\/GSM-Asociados-Estudio-Contable-4.jpeg 780w, https:\/\/gsmasociados.com.ar\/gsmasociados\/wp-content\/uploads\/2025\/10\/GSM-Asociados-Estudio-Contable-4.jpeg 360w\" sizes=\"auto, (max-width: 480px) 150px\" src=\"https:\/\/gsmasociados.com.ar\/gsmasociados\/wp-content\/uploads\/2025\/10\/GSM-Asociados-Estudio-Contable-4.jpeg\" alt=\"gsm asociados estudio contable 4\" class=\"uag-image-292\" width=\"570\" height=\"450\" title=\"gsm asociados estudio contable 4\" loading=\"lazy\" role=\"img\"\/><\/figure><\/div>\n\n\n\n<div class=\"wp-block-uagb-info-box uagb-block-97b889c1 uagb-infobox__content-wrap  uagb-infobox-icon-above-title uagb-infobox-image-valign-top\"><div class=\"uagb-ifb-content\"><div class=\"uagb-ifb-title-wrap\"><h2 class=\"uagb-ifb-title-prefix\">03.<\/h2><h3 class=\"uagb-ifb-title\">Asesoramiento Fiscal, Laboral y Social<\/h3><\/div><p class=\"uagb-ifb-desc\">Enfocado en el cumplimiento tributario y laboral, este eje combina experiencia t\u00e9cnica con planificaci\u00f3n fiscal inteligente. Abarca la liquidaci\u00f3n de impuestos, sueldos y cargas sociales, el seguimiento normativo y la defensa ante organismos como AFIP, ARBA o AGIP. Su prop\u00f3sito es minimizar riesgos, garantizar cumplimiento legal y ofrecer outsourcing social y contable que libere a las empresas de cargas operativas.<br><br>&#8211; Liquidaci\u00f3n de impuestos nacionales, provinciales y municipales (IVA, Ganancias, Ingresos Brutos, etc.).<br>&#8211; Planeamiento fiscal estrat\u00e9gico y cumplimiento normativo (AFIP, ATM).<br>&#8211; Outsourcing estrat\u00e9gico, social y laboral: liquidaci\u00f3n de sueldos, altas\/bajas, convenios y cargas sociales.<br>&#8211; Auditor\u00edas impositivas y laborales.<br>&#8211; Asistencia en inspecciones, requerimientos y actualizaciones normativas.<\/p><\/div><\/div>\n<\/div><\/div>\n\n\n\n<div class=\"wp-block-uagb-container uagb-layout-grid uagb-block-c2a58bf8 alignfull uagb-is-root-container\"><div class=\"uagb-container-inner-blocks-wrap\">\n<div class=\"wp-block-uagb-info-box uagb-block-fafce59f uagb-infobox__content-wrap  uagb-infobox-icon-above-title uagb-infobox-image-valign-top\"><div class=\"uagb-ifb-content\"><div class=\"uagb-ifb-title-wrap\"><h2 class=\"uagb-ifb-title-prefix\">04.<\/h2><h3 class=\"uagb-ifb-title\">Asesor\u00eda Legal, Societaria y Gobernanza<\/h3><\/div><p class=\"uagb-ifb-desc\">Este eje ofrece soporte integral en materia legal y societaria, acompa\u00f1ando a emprendedores y empresas en la creaci\u00f3n, regularizaci\u00f3n y administraci\u00f3n de sociedades. Incluye la redacci\u00f3n de contratos, cumplimiento ante IGJ y AFIP, y la implementaci\u00f3n de buenas pr\u00e1cticas de gobierno corporativo. Su enfoque es brindar seguridad jur\u00eddica y estructura organizativa s\u00f3lida para favorecer el crecimiento sostenible del negocio.<br><br>&#8211; Creaci\u00f3n y regularizaci\u00f3n de sociedades (SRL, SA, SAS, Cooperativas).<br>&#8211; Redacci\u00f3n y registro de estatutos, contratos y reformas societarias.<br>&#8211; Cumplimiento legal y societario ante organismos (IGJ, AFIP, etc.).<br>&#8211; Asesoramiento en fusiones, adquisiciones y reestructuraciones.<br>&#8211; Gobierno corporativo, compliance y pol\u00edticas internas.<\/p><\/div><\/div>\n\n\n\n<div class=\"wp-block-uagb-image uagb-block-166f80e7 wp-block-uagb-image--layout-default wp-block-uagb-image--effect-static wp-block-uagb-image--align-none\"><figure class=\"wp-block-uagb-image__figure\"><img decoding=\"async\" srcset=\"https:\/\/gsmasociados.com.ar\/gsmasociados\/wp-content\/uploads\/2025\/10\/GSM-Asociados-Estudio-Contable-7.jpg ,https:\/\/gsmasociados.com.ar\/gsmasociados\/wp-content\/uploads\/2025\/10\/GSM-Asociados-Estudio-Contable-7.jpg 780w, https:\/\/gsmasociados.com.ar\/gsmasociados\/wp-content\/uploads\/2025\/10\/GSM-Asociados-Estudio-Contable-7.jpg 360w\" sizes=\"auto, (max-width: 480px) 150px\" src=\"https:\/\/gsmasociados.com.ar\/gsmasociados\/wp-content\/uploads\/2025\/10\/GSM-Asociados-Estudio-Contable-7.jpg\" alt=\"gsm asociados estudio contable 7\" class=\"uag-image-297\" width=\"570\" height=\"450\" title=\"gsm asociados estudio contable 7\" loading=\"lazy\" role=\"img\"\/><\/figure><\/div>\n<\/div><\/div>\n\n\n\n<div class=\"wp-block-uagb-container uagb-layout-grid uagb-block-c358648e alignfull uagb-is-root-container\"><div class=\"uagb-container-inner-blocks-wrap\">\n<div class=\"wp-block-uagb-image uagb-block-ddabff08 wp-block-uagb-image--layout-default wp-block-uagb-image--effect-static wp-block-uagb-image--align-none\"><figure class=\"wp-block-uagb-image__figure\"><img decoding=\"async\" srcset=\"https:\/\/gsmasociados.com.ar\/gsmasociados\/wp-content\/uploads\/2025\/10\/GSM-Asociados-Estudio-Contable-4.jpeg ,https:\/\/gsmasociados.com.ar\/gsmasociados\/wp-content\/uploads\/2025\/10\/GSM-Asociados-Estudio-Contable-4.jpeg 780w, https:\/\/gsmasociados.com.ar\/gsmasociados\/wp-content\/uploads\/2025\/10\/GSM-Asociados-Estudio-Contable-4.jpeg 360w\" sizes=\"auto, (max-width: 480px) 150px\" src=\"https:\/\/gsmasociados.com.ar\/gsmasociados\/wp-content\/uploads\/2025\/10\/GSM-Asociados-Estudio-Contable-4.jpeg\" alt=\"gsm asociados estudio contable 4\" class=\"uag-image-292\" width=\"570\" height=\"450\" title=\"gsm asociados estudio contable 4\" loading=\"lazy\" role=\"img\"\/><\/figure><\/div>\n\n\n\n<div class=\"wp-block-uagb-info-box uagb-block-616223f4 uagb-infobox__content-wrap  uagb-infobox-icon-above-title uagb-infobox-image-valign-top\"><div class=\"uagb-ifb-content\"><div class=\"uagb-ifb-title-wrap\"><h2 class=\"uagb-ifb-title-prefix\">05.<\/h2><h3 class=\"uagb-ifb-title\">Tecnolog\u00eda, Digitalizaci\u00f3n e Innovaci\u00f3n<\/h3><\/div><p class=\"uagb-ifb-desc\">Representa la base tecnol\u00f3gica de la consultora, impulsando la transformaci\u00f3n digital de los procesos contables, financieros y administrativos. Incluye la implementaci\u00f3n de software ERP y CRM, la automatizaci\u00f3n de reportes y la integraci\u00f3n de inteligencia artificial aplicada a la gesti\u00f3n empresarial. Este eje fomenta la eficiencia operativa y la toma de decisiones basadas en datos en tiempo real.<br><br>&#8211; Implementaci\u00f3n de herramientas digitales de gesti\u00f3n (ERP, CRM, BI).<br>&#8211; Automatizaci\u00f3n de tareas contables, impositivas y administrativas.<br>&#8211; Facturaci\u00f3n electr\u00f3nica, SIRE y sistemas AFIP integrados.<br>&#8211; Uso de inteligencia artificial para an\u00e1lisis financiero y predictivo.<br>&#8211; Capacitaci\u00f3n en herramientas digitales y gesti\u00f3n de datos.<\/p><\/div><\/div>\n<\/div><\/div>\n\n\n\n<div class=\"wp-block-uagb-container uagb-block-589dc7bc alignfull uagb-is-root-container\"><div class=\"uagb-container-inner-blocks-wrap\">\n<div class=\"wp-block-uagb-advanced-heading uagb-block-047dddc0\"><p class=\"uagb-desc-text\">Nuestro Proceso<\/p><h2 class=\"uagb-heading-text\">Con un enfoque en la innovaci\u00f3n y la \u00e9tica<\/h2><\/div>\n\n\n\n<div class=\"wp-block-uagb-container uagb-block-a7112b30\">\n<div class=\"wp-block-uagb-container uagb-block-fd4dfe74\">\n<div class=\"wp-block-uagb-info-box uagb-block-67ae5678 uagb-infobox__content-wrap  uagb-infobox-icon-above-title uagb-infobox-image-valign-top\"><div class=\"uagb-ifb-content\"><div class=\"uagb-ifb-title-wrap\"><span class=\"uagb-ifb-title-prefix\">STEP-01<\/span><h3 class=\"uagb-ifb-title\">An\u00e1lisis Inicial<\/h3><\/div><p class=\"uagb-ifb-desc\">Realizamos un diagn\u00f3stico completo de tu situaci\u00f3n contable actual.<\/p><\/div><\/div>\n<\/div>\n\n\n\n<div class=\"wp-block-uagb-container uagb-block-adfe2a50\">\n<div class=\"wp-block-uagb-info-box uagb-block-93f710a6 uagb-infobox__content-wrap  uagb-infobox-icon-above-title uagb-infobox-image-valign-top\"><div class=\"uagb-ifb-content\"><div class=\"uagb-ifb-title-wrap\"><span class=\"uagb-ifb-title-prefix\">STEP-02<\/span><h3 class=\"uagb-ifb-title\">Implementaci\u00f3n Estrat\u00e9gica<\/h3><\/div><p class=\"uagb-ifb-desc\">Desarrollamos e implementamos soluciones adaptadas a tus necesidades espec\u00edficas.<\/p><\/div><\/div>\n<\/div>\n\n\n\n<div class=\"wp-block-uagb-container uagb-block-a3fffeef\">\n<div class=\"wp-block-uagb-info-box uagb-block-84c030e1 uagb-infobox__content-wrap  uagb-infobox-icon-above-title uagb-infobox-image-valign-top\"><div class=\"uagb-ifb-content\"><div class=\"uagb-ifb-title-wrap\"><span class=\"uagb-ifb-title-prefix\">STEP-03<\/span><h3 class=\"uagb-ifb-title\">Evaluaci\u00f3n Continua<\/h3><\/div><p class=\"uagb-ifb-desc\">Monitoreamos y ajustamos las estrategias implementadas para asegurar resultados \u00f3ptimos.<\/p><\/div><\/div>\n<\/div>\n<\/div>\n<\/div><\/div>\n\n\n\n<div class=\"wp-block-uagb-container uagb-block-82f7e11c alignfull uagb-is-root-container\"><div class=\"uagb-container-inner-blocks-wrap\">\n<div class=\"wp-block-uagb-info-box uagb-block-29a068cf uagb-infobox__content-wrap  uagb-infobox-icon-above-title uagb-infobox-image-valign-top\"><div class=\"uagb-ifb-content\"><div class=\"uagb-ifb-title-wrap\"><span class=\"uagb-ifb-title-prefix\">\u00danete a nosotros<\/span><h2 class=\"uagb-ifb-title\">Transforma la contabilidad de tu empresa hoy mismo<\/h2><\/div><p class=\"uagb-ifb-desc\">Cont\u00e1ctanos y descubre c\u00f3mo podemos ayudarte a maximizar tu potencial con soluciones contables innovadoras.<\/p><div class=\"uagb-ifb-button-wrapper wp-block-button\"><a href=\"contact\/\" class=\"uagb-infobox-cta-link wp-block-button__link\" target=\"_self\" rel=\"noopener noreferrer\" onclick=\"return true;\"><span class=\"uagb-inline-editing\">Cont\u00e1ctanos hoy<\/span><\/a><\/div><\/div><\/div>\n<\/div><\/div>\n","protected":false},"excerpt":{"rendered":"<p>Servicios Innovadores Transformamos tu gesti\u00f3n contable y financiera Nuestro Proceso Con un enfoque en la innovaci\u00f3n y la \u00e9tica<\/p>\n","protected":false},"author":2,"featured_media":0,"parent":0,"menu_order":0,"comment_status":"closed","ping_status":"closed","template":"","meta":{"_uag_custom_page_level_css":"","site-sidebar-layout":"default","site-content-layout":"","ast-site-content-layout":"default","site-content-style":"default","site-sidebar-style":"default","ast-global-header-display":"","ast-banner-title-visibility":"","ast-main-header-display":"","ast-hfb-above-header-display":"","ast-hfb-below-header-display":"","ast-hfb-mobile-header-display":"","site-post-title":"disabled","ast-breadcrumbs-content":"","ast-featured-img":"","footer-sml-layout":"","theme-transparent-header-meta":"","adv-header-id-meta":"","stick-header-meta":"","header-above-stick-meta":"","header-main-stick-meta":"","header-below-stick-meta":"","astra-migrate-meta-layouts":"default","ast-page-background-enabled":"default","ast-page-background-meta":{"desktop":{"background-color":"var(--ast-global-color-4)","background-image":"","background-repeat":"repeat","background-position":"center center","background-size":"auto","background-attachment":"scroll","background-type":"","background-media":"","overlay-type":"","overlay-color":"","overlay-opacity":"","overlay-gradient":""},"tablet":{"background-color":"","background-image":"","background-repeat":"repeat","background-position":"center center","background-size":"auto","background-attachment":"scroll","background-type":"","background-media":"","overlay-type":"","overlay-color":"","overlay-opacity":"","overlay-gradient":""},"mobile":{"background-color":"","background-image":"","background-repeat":"repeat","background-position":"center center","background-size":"auto","background-attachment":"scroll","background-type":"","background-media":"","overlay-type":"","overlay-color":"","overlay-opacity":"","overlay-gradient":""}},"ast-content-background-meta":{"desktop":{"background-color":"var(--ast-global-color-5)","background-image":"","background-repeat":"repeat","background-position":"center center","background-size":"auto","background-attachment":"scroll","background-type":"","background-media":"","overlay-type":"","overlay-color":"","overlay-opacity":"","overlay-gradient":""},"tablet":{"background-color":"var(--ast-global-color-5)","background-image":"","background-repeat":"repeat","background-position":"center center","background-size":"auto","background-attachment":"scroll","background-type":"","background-media":"","overlay-type":"","overlay-color":"","overlay-opacity":"","overlay-gradient":""},"mobile":{"background-color":"var(--ast-global-color-5)","background-image":"","background-repeat":"repeat","background-position":"center center","background-size":"auto","background-attachment":"scroll","background-type":"","background-media":"","overlay-type":"","overlay-color":"","overlay-opacity":"","overlay-gradient":""}},"footnotes":""},"class_list":["post-43","page","type-page","status-publish","hentry"],"uagb_featured_image_src":{"full":false,"thumbnail":false,"medium":false,"medium_large":false,"large":false,"1536x1536":false,"2048x2048":false},"uagb_author_info":{"display_name":"c1391927","author_link":"https:\/\/gsmasociados.com.ar\/gsmasociados\/author\/c1391927\/"},"uagb_comment_info":0,"uagb_excerpt":"Servicios Innovadores Transformamos tu gesti\u00f3n contable y financiera Nuestro Proceso Con un enfoque en la innovaci\u00f3n y la \u00e9tica","_links":{"self":[{"href":"https:\/\/gsmasociados.com.ar\/gsmasociados\/wp-json\/wp\/v2\/pages\/43","targetHints":{"allow":["GET"]}}],"collection":[{"href":"https:\/\/gsmasociados.com.ar\/gsmasociados\/wp-json\/wp\/v2\/pages"}],"about":[{"href":"https:\/\/gsmasociados.com.ar\/gsmasociados\/wp-json\/wp\/v2\/types\/page"}],"author":[{"embeddable":true,"href":"https:\/\/gsmasociados.com.ar\/gsmasociados\/wp-json\/wp\/v2\/users\/2"}],"replies":[{"embeddable":true,"href":"https:\/\/gsmasociados.com.ar\/gsmasociados\/wp-json\/wp\/v2\/comments?post=43"}],"version-history":[{"count":3,"href":"https:\/\/gsmasociados.com.ar\/gsmasociados\/wp-json\/wp\/v2\/pages\/43\/revisions"}],"predecessor-version":[{"id":300,"href":"https:\/\/gsmasociados.com.ar\/gsmasociados\/wp-json\/wp\/v2\/pages\/43\/revisions\/300"}],"wp:attachment":[{"href":"https:\/\/gsmasociados.com.ar\/gsmasociados\/wp-json\/wp\/v2\/media?parent=43"}],"curies":[{"name":"wp","href":"https:\/\/api.w.org\/{rel}","templated":true}]}}